{"id":130,"date":"2025-06-26T19:36:02","date_gmt":"2025-06-26T17:36:02","guid":{"rendered":"https:\/\/marinerolland.com\/?page_id=130"},"modified":"2026-03-18T15:19:28","modified_gmt":"2026-03-18T14:19:28","slug":"bienvenue-dans-votre-monde-interieur","status":"publish","type":"page","link":"https:\/\/marinerolland.com\/","title":{"rendered":"Bienvenue dans votre espace int\u00e9rieur"},"content":{"rendered":"\t\t<div data-elementor-type=\"wp-page\" data-elementor-id=\"130\" class=\"elementor elementor-130\" data-elementor-post-type=\"page\">\n\t\t\t\t<div class=\"elementor-element elementor-element-888b628 e-flex e-con-boxed e-con e-parent\" data-id=\"888b628\" data-element_type=\"container\" data-e-type=\"container\">\n\t\t\t\t\t<div class=\"e-con-inner\">\n\t\t\t\t<div class=\"elementor-element elementor-element-3a17189 elementor-widget elementor-widget-heading\" data-id=\"3a17189\" data-element_type=\"widget\" data-e-type=\"widget\" data-widget_type=\"heading.default\">\n\t\t\t\t<div class=\"elementor-widget-container\">\n\t\t\t\t\t<h1 class=\"elementor-heading-title elementor-size-default\">Bienvenue dans votre espace int\u00e9rieur<\/h1>\t\t\t\t<\/div>\n\t\t\t\t<\/div>\n\t\t\t\t\t<\/div>\n\t\t\t\t<\/div>\n\t\t<div class=\"elementor-element elementor-element-47ec332 e-flex e-con-boxed e-con e-parent\" data-id=\"47ec332\" data-element_type=\"container\" data-e-type=\"container\">\n\t\t\t\t\t<div class=\"e-con-inner\">\n\t\t\t\t<div class=\"elementor-element elementor-element-39bcef7 elementor-widget elementor-widget-image\" data-id=\"39bcef7\" data-element_type=\"widget\" data-e-type=\"widget\" data-widget_type=\"image.default\">\n\t\t\t\t<div class=\"elementor-widget-container\">\n\t\t\t\t\t\t\t\t\t\t\t\t\t\t\t<img fetchpriority=\"high\" decoding=\"async\" width=\"800\" height=\"533\" src=\"https:\/\/marinerolland.com\/wp-content\/uploads\/2025\/06\/pexels-eberhardgross-844297.jpg\" class=\"attachment-large size-large wp-image-131\" alt=\"Bien-\u00eatre\" srcset=\"https:\/\/marinerolland.com\/wp-content\/uploads\/2025\/06\/pexels-eberhardgross-844297.jpg 1914w, https:\/\/marinerolland.com\/wp-content\/uploads\/2025\/06\/pexels-eberhardgross-844297-300x200.jpg 300w\" sizes=\"(max-width: 800px) 100vw, 800px\" \/>\t\t\t\t\t\t\t\t\t\t\t\t\t\t\t<\/div>\n\t\t\t\t<\/div>\n\t\t\t\t\t<\/div>\n\t\t\t\t<\/div>\n\t\t<div class=\"elementor-element elementor-element-75cb0ad e-flex e-con-boxed e-con e-parent\" data-id=\"75cb0ad\" data-element_type=\"container\" data-e-type=\"container\">\n\t\t\t\t\t<div class=\"e-con-inner\">\n\t\t<div class=\"elementor-element elementor-element-80c5e44 e-con-full e-flex e-con e-child\" data-id=\"80c5e44\" data-element_type=\"container\" data-e-type=\"container\">\n\t\t\t\t<\/div>\n\t\t\t\t\t<\/div>\n\t\t\t\t<\/div>\n\t\t<div class=\"elementor-element elementor-element-e5eb865 e-flex e-con-boxed e-con e-parent\" data-id=\"e5eb865\" data-element_type=\"container\" data-e-type=\"container\">\n\t\t\t\t\t<div class=\"e-con-inner\">\n\t\t\t\t<div class=\"elementor-element elementor-element-bbc295d elementor-widget__width-initial e-transform elementor-widget elementor-widget-text-editor\" data-id=\"bbc295d\" data-element_type=\"widget\" data-e-type=\"widget\" data-settings=\"{&quot;_transform_scaleX_effect&quot;:{&quot;unit&quot;:&quot;px&quot;,&quot;size&quot;:&quot;&quot;,&quot;sizes&quot;:[]},&quot;_transform_scaleX_effect_tablet&quot;:{&quot;unit&quot;:&quot;px&quot;,&quot;size&quot;:&quot;&quot;,&quot;sizes&quot;:[]},&quot;_transform_scaleX_effect_mobile&quot;:{&quot;unit&quot;:&quot;px&quot;,&quot;size&quot;:&quot;&quot;,&quot;sizes&quot;:[]},&quot;_transform_scaleY_effect&quot;:{&quot;unit&quot;:&quot;px&quot;,&quot;size&quot;:&quot;&quot;,&quot;sizes&quot;:[]},&quot;_transform_scaleY_effect_tablet&quot;:{&quot;unit&quot;:&quot;px&quot;,&quot;size&quot;:&quot;&quot;,&quot;sizes&quot;:[]},&quot;_transform_scaleY_effect_mobile&quot;:{&quot;unit&quot;:&quot;px&quot;,&quot;size&quot;:&quot;&quot;,&quot;sizes&quot;:[]}}\" data-widget_type=\"text-editor.default\">\n\t\t\t\t<div class=\"elementor-widget-container\">\n\t\t\t\t\t\t\t\t\t<h6><b style=\"font-family: 'Open sans', sans-serif; color: #9b737c; font-size: 10pt; font-weight: bold;\">Ici,<\/b><span style=\"color: #9b737c;\"><strong><span style=\"font-family: Open sans, sans-serif;\"><span style=\"font-size: small;\">\u00a0le temps s\u2019\u00e9tire, le souffle se pose, et les vibrations vous portent vers un lieu o\u00f9 le corps et l\u2019esprit se r\u00e9concilient.<\/span><\/span><\/strong><\/span><\/h6><p style=\"text-align: left;\"><span style=\"color: #9b737c;\"><strong><span style=\"font-family: Open sans, sans-serif;\"><span style=\"font-size: small;\">Que vous cherchiez\u00a0<\/span><\/span><span style=\"font-family: Open sans, sans-serif;\"><span style=\"font-size: small;\">un apaisement profond<\/span><\/span><span style=\"font-family: Open sans, sans-serif;\"><span style=\"font-size: small;\">, une\u00a0<\/span><\/span><span style=\"font-family: Open sans, sans-serif;\"><span style=\"font-size: small;\">lib\u00e9ration des tensions invisibles<\/span><\/span><span style=\"font-family: Open sans, sans-serif;\"><span style=\"font-size: small;\">, ou simplement l\u2019harmonie d\u2019un lieu ressour\u00e7ant, vous \u00eates au bon endroit.<\/span><\/span><\/strong><\/span><\/p><p style=\"text-align: left;\"><span style=\"color: #9b737c;\"><strong><span style=\"font-family: Open sans, sans-serif;\"><span style=\"font-size: small;\">Mon approche ?\u00a0<\/span><\/span><span style=\"font-family: Open sans, sans-serif;\"><span style=\"font-size: small;\">Douce et puissante<\/span><\/span><span style=\"font-family: Open sans, sans-serif;\"><span style=\"font-size: small;\">, comme une m\u00e9lodie qui recompose ce qui \u00e9tait dispers\u00e9 :<\/span><\/span><\/strong><\/span><\/p><ul><li><span style=\"color: #9b737c;\"><strong><span style=\"font-family: Open sans, sans-serif;\"><span style=\"font-size: small;\">Les\u00a0<\/span><\/span><span style=\"font-family: Open sans, sans-serif;\"><span style=\"font-size: small;\">bols de cristal alchimie\u2122<\/span><\/span><\/strong><\/span><strong><span style=\"color: #9b737c;\">\u00a0<\/span><\/strong><span style=\"color: #9b737c;\"><strong><span style=\"font-family: Open sans, sans-serif;\"><span style=\"font-size: small;\">Crystal Tones\u00ae <\/span><\/span><\/strong><\/span><span style=\"color: #9b737c;\"><strong><span style=\"font-family: Open sans, sans-serif;\"><span style=\"font-size: small;\">font danser vos cellules,<\/span><\/span><\/strong><\/span><\/li><li><span style=\"color: #9b737c;\"><strong><span style=\"font-family: Open sans, sans-serif;\"><span style=\"font-size: small;\">La\u00a0<\/span><\/span><span style=\"font-family: Open sans, sans-serif;\"><span style=\"font-size: small;\">lampe Lucia N\u00b03<\/span><\/span><span style=\"font-family: Open sans, sans-serif;\"><span style=\"font-size: small;\">\u00a0ouvre des paysages int\u00e9rieurs insoup\u00e7onn\u00e9s,<\/span><\/span><\/strong><\/span><\/li><li><span style=\"color: #9b737c;\"><strong><span style=\"font-family: Open sans, sans-serif;\"><span style=\"font-size: small;\">Le Beyond Quantum Healing vous guide dans l&rsquo;exploration consciente de votre \u00e2me et de ses m\u00e9moires,<\/span><\/span><\/strong><\/span><\/li><li><strong><span style=\"font-family: Open sans, sans-serif;\"><span style=\"font-size: small;\"><span style=\"color: #9b737c;\"><span style=\"font-family: Open sans, sans-serif;\"><span style=\"font-size: 10pt;\">Le soin \u00e9nerg\u00e9tique apaise les m\u00e9moires du corps<\/span><\/span><\/span><\/span><\/span><\/strong><\/li><li><strong style=\"font-family: var( --e-global-typography-text-font-family ), open sans; color: #9b737c;\"><span style=\"font-family: Open sans, sans-serif;\"><span style=\"font-size: small;\">La purification<\/span><\/span><span style=\"font-family: Open sans, sans-serif;\"><span style=\"font-size: small;\">\u00a0des lieux dissipe ce qui p\u00e8se sans qu\u2019on le voie,<\/span><\/span><\/strong><\/li><li><span style=\"color: #9b737c;\"><strong><span style=\"font-family: Open sans, sans-serif;\"><span style=\"font-size: small;\">Et le barrage<\/span><\/span><span style=\"font-family: Open sans, sans-serif;\"><span style=\"font-size: small;\">\u00a0de feu<\/span><\/span><span style=\"font-family: Open sans, sans-serif;\"><span style=\"font-size: small;\">\u00a0soulage ce qui br\u00fble la peau ou la chair.<\/span><\/span><\/strong><\/span><\/li><\/ul><p style=\"text-align: left;\"><span style=\"color: #9b737c;\"><strong><span style=\"font-family: Open sans, sans-serif;\"><span style=\"font-size: small;\">Vous n\u2019avez pas besoin de savoir \u00ab\u00a0comment \u00e7a marche\u00a0\u00bb\u2026 juste de vous laisser guider par ce qui vous appelle.\u00a0<\/span><\/span><span style=\"font-family: Open sans, sans-serif;\"><span style=\"font-size: small;\">Les s\u00e9ances sont comme des portes: certaines s\u2019ouvrent sur un besoin pr\u00e9cis, d\u2019autres sur une intuition.<\/span><\/span><\/strong><\/span><\/p>\t\t\t\t\t\t\t\t<\/div>\n\t\t\t\t<\/div>\n\t\t\t\t\t<\/div>\n\t\t\t\t<\/div>\n\t\t<div class=\"elementor-element elementor-element-983656f e-flex e-con-boxed e-con e-parent\" data-id=\"983656f\" data-element_type=\"container\" data-e-type=\"container\">\n\t\t\t\t\t<div class=\"e-con-inner\">\n\t\t<div class=\"elementor-element elementor-element-df56499 e-con-full e-flex e-con e-child\" data-id=\"df56499\" data-element_type=\"container\" data-e-type=\"container\">\n\t\t\t\t<\/div>\n\t\t\t\t\t<\/div>\n\t\t\t\t<\/div>\n\t\t<div class=\"elementor-element elementor-element-3db1cb8 e-flex e-con-boxed e-con e-parent\" data-id=\"3db1cb8\" data-element_type=\"container\" data-e-type=\"container\">\n\t\t\t\t\t<div class=\"e-con-inner\">\n\t\t\t\t<div class=\"elementor-element elementor-element-8902830 elementor-widget elementor-widget-heading\" data-id=\"8902830\" data-element_type=\"widget\" data-e-type=\"widget\" data-widget_type=\"heading.default\">\n\t\t\t\t<div class=\"elementor-widget-container\">\n\t\t\t\t\t<h2 class=\"elementor-heading-title elementor-size-default\">Qui suis-je?<br><\/h2>\t\t\t\t<\/div>\n\t\t\t\t<\/div>\n\t\t\t\t\t<\/div>\n\t\t\t\t<\/div>\n\t\t<div class=\"elementor-element elementor-element-e0b9ca2 e-flex e-con-boxed e-con e-parent\" data-id=\"e0b9ca2\" data-element_type=\"container\" data-e-type=\"container\">\n\t\t\t\t\t<div class=\"e-con-inner\">\n\t\t\t\t<div class=\"elementor-element elementor-element-84d1785 elementor-widget__width-initial elementor-widget elementor-widget-text-editor\" data-id=\"84d1785\" data-element_type=\"widget\" data-e-type=\"widget\" data-widget_type=\"text-editor.default\">\n\t\t\t\t<div class=\"elementor-widget-container\">\n\t\t\t\t\t\t\t\t\t<p align=\"JUSTIFY\"><span style=\"color: #9b737c;\"><strong><span style=\"font-family: Open sans, sans-serif;\"><span style=\"font-size: small;\">Apr\u00e8s une formation de linguiste, j\u2019ai suivi l\u2019appel des pierres et suis devenue gemmologue, fascin\u00e9e par la beaut\u00e9 et vibration des gemmes et l\u2019art de la joaillerie.<br \/>Aujourd\u2019hui, j\u2019accompagne celles et ceux qui souhaitent explorer et \u00e9largir leur \u00e9tat de conscience pour lib\u00e9rer des blocages psychologiques, \u00e9motionnels ou physiques et se reconnecter \u00e0 leur essence profonde.<br \/>\u00c0 travers l\u2019\u00e9nergie, le son, la lumi\u00e8re et la puissance des mots, j\u2019ouvre des espaces o\u00f9 le mental s\u2019apaise, o\u00f9 le corps se rel\u00e2che et o\u00f9 la conscience s\u2019expanse.<br \/>Je cr\u00e9e des exp\u00e9riences immersives et transformatrices. Des voyages int\u00e9rieurs pour ressentir, comprendre, int\u00e9grer\u2026 et rena\u00eetre \u00e0 soi.\u00a0<\/span><\/span><\/strong><\/span><\/p>\t\t\t\t\t\t\t\t<\/div>\n\t\t\t\t<\/div>\n\t\t\t\t\t<\/div>\n\t\t\t\t<\/div>\n\t\t<div class=\"elementor-element elementor-element-04d2abf e-flex e-con-boxed e-con e-parent\" data-id=\"04d2abf\" data-element_type=\"container\" data-e-type=\"container\">\n\t\t\t\t\t<div class=\"e-con-inner\">\n\t\t\t\t<div class=\"elementor-element elementor-element-e809609 elementor-widget elementor-widget-shortcode\" data-id=\"e809609\" data-element_type=\"widget\" data-e-type=\"widget\" data-widget_type=\"shortcode.default\">\n\t\t\t\t<div class=\"elementor-widget-container\">\n\t\t\t\t\t\t\t<div class=\"elementor-shortcode\"><!-- D\u00e9but de widget de lien Calendly -->\n<link href=\"https:\/\/assets.calendly.com\/assets\/external\/widget.css\" rel=\"stylesheet\">\n<script src=\"https:\/\/assets.calendly.com\/assets\/external\/widget.js\" type=\"text\/javascript\" async><\/script>\n<a href=\"\" onclick=\"Calendly.initPopupWidget({url: 'https:\/\/calendly.com\/contact-marinerolland?text_color=ffffff&primary_color=9b737c'});return false;\">Planifier du temps avec moi<\/a>\n<!-- Fin de widget de lien Calendly --><\/div>\n\t\t\t\t\t\t<\/div>\n\t\t\t\t<\/div>\n\t\t\t\t\t<\/div>\n\t\t\t\t<\/div>\n\t\t\t\t<\/div>\n\t\t","protected":false},"excerpt":{"rendered":"<p>Bienvenue dans votre espace int\u00e9rieur Ici,\u00a0le temps s\u2019\u00e9tire, le souffle se pose, et les vibrations vous portent vers un lieu o\u00f9 le corps et l\u2019esprit se r\u00e9concilient. Que vous cherchiez\u00a0un apaisement profond, une\u00a0lib\u00e9ration des tensions invisibles, ou simplement l\u2019harmonie d\u2019un lieu ressour\u00e7ant, vous \u00eates au bon endroit. Mon approche ?\u00a0Douce et puissante, comme une m\u00e9lodie [&hellip;]<\/p>\n","protected":false},"author":1,"featured_media":0,"parent":0,"menu_order":0,"comment_status":"closed","ping_status":"closed","template":"","meta":{"footnotes":""},"class_list":["post-130","page","type-page","status-publish","hentry"],"jetpack_sharing_enabled":true,"_links":{"self":[{"href":"https:\/\/marinerolland.com\/index.php?rest_route=\/wp\/v2\/pages\/130","targetHints":{"allow":["GET"]}}],"collection":[{"href":"https:\/\/marinerolland.com\/index.php?rest_route=\/wp\/v2\/pages"}],"about":[{"href":"https:\/\/marinerolland.com\/index.php?rest_route=\/wp\/v2\/types\/page"}],"author":[{"embeddable":true,"href":"https:\/\/marinerolland.com\/index.php?rest_route=\/wp\/v2\/users\/1"}],"replies":[{"embeddable":true,"href":"https:\/\/marinerolland.com\/index.php?rest_route=%2Fwp%2Fv2%2Fcomments&post=130"}],"version-history":[{"count":114,"href":"https:\/\/marinerolland.com\/index.php?rest_route=\/wp\/v2\/pages\/130\/revisions"}],"predecessor-version":[{"id":1547,"href":"https:\/\/marinerolland.com\/index.php?rest_route=\/wp\/v2\/pages\/130\/revisions\/1547"}],"wp:attachment":[{"href":"https:\/\/marinerolland.com\/index.php?rest_route=%2Fwp%2Fv2%2Fmedia&parent=130"}],"curies":[{"name":"wp","href":"https:\/\/api.w.org\/{rel}","templated":true}]}}