{"id":1469,"date":"2026-02-09T13:44:38","date_gmt":"2026-02-09T12:44:38","guid":{"rendered":"https:\/\/marinerolland.com\/?page_id=1469"},"modified":"2026-02-13T14:43:19","modified_gmt":"2026-02-13T13:43:19","slug":"beyond-quantum-healing","status":"publish","type":"page","link":"https:\/\/marinerolland.com\/?page_id=1469","title":{"rendered":"Beyond Quantum Healing"},"content":{"rendered":"\t\t<div data-elementor-type=\"wp-page\" data-elementor-id=\"1469\" class=\"elementor elementor-1469\" data-elementor-post-type=\"page\">\n\t\t\t\t<div class=\"elementor-element elementor-element-f7ebdb6 e-flex e-con-boxed e-con e-parent\" data-id=\"f7ebdb6\" data-element_type=\"container\" data-e-type=\"container\">\n\t\t\t\t\t<div class=\"e-con-inner\">\n\t\t\t\t<div class=\"elementor-element elementor-element-ba86c41 elementor-widget elementor-widget-heading\" data-id=\"ba86c41\" data-element_type=\"widget\" data-e-type=\"widget\" data-widget_type=\"heading.default\">\n\t\t\t\t<div class=\"elementor-widget-container\">\n\t\t\t\t\t<h1 class=\"elementor-heading-title elementor-size-default\">Hypnose R\u00e9gressive Quantique:<br>Beyond Quantum Healing<\/h1>\t\t\t\t<\/div>\n\t\t\t\t<\/div>\n\t\t\t\t\t<\/div>\n\t\t\t\t<\/div>\n\t\t<div class=\"elementor-element elementor-element-526bc37 e-flex e-con-boxed e-con e-parent\" data-id=\"526bc37\" data-element_type=\"container\" data-e-type=\"container\">\n\t\t\t\t\t<div class=\"e-con-inner\">\n\t\t\t\t\t<\/div>\n\t\t\t\t<\/div>\n\t\t<div class=\"elementor-element elementor-element-a4d155a e-flex e-con-boxed e-con e-parent\" data-id=\"a4d155a\" data-element_type=\"container\" data-e-type=\"container\">\n\t\t\t\t\t<div class=\"e-con-inner\">\n\t\t\t\t<div class=\"elementor-element elementor-element-87b390f elementor-widget elementor-widget-text-editor\" data-id=\"87b390f\" data-element_type=\"widget\" data-e-type=\"widget\" data-widget_type=\"text-editor.default\">\n\t\t\t\t<div class=\"elementor-widget-container\">\n\t\t\t\t\t\t\t\t\t<p data-start=\"214\" data-end=\"372\">Le <strong data-start=\"217\" data-end=\"258\"><span class=\"hover:entity-accent entity-underline inline cursor-pointer align-baseline\"><span class=\"whitespace-normal\">Beyond Quantum Healing<\/span><\/span><\/strong> (BQH) est une m\u00e9thode d\u2019hypnose spirituelle et r\u00e9gressive permettant d\u2019acc\u00e9der \u00e0 des \u00e9tats de conscience \u00e9largis.<\/p><p data-start=\"374\" data-end=\"636\">Cette approche a \u00e9t\u00e9 d\u00e9velopp\u00e9e par <strong data-start=\"410\" data-end=\"451\"><span class=\"hover:entity-accent entity-underline inline cursor-pointer align-baseline\"><span class=\"whitespace-normal\">Candace Craw-Goldman<\/span><\/span><\/strong>, \u00e9l\u00e8ve et collaboratrice de <strong data-start=\"480\" data-end=\"521\"><span class=\"hover:entity-accent entity-underline inline cursor-pointer align-baseline\"><span class=\"whitespace-normal\">Dolores Cannon<\/span><\/span><\/strong>, pionni\u00e8re de l\u2019hypnose r\u00e9gressive quantique et cr\u00e9atrice de la m\u00e9thode QHHT (Quantum Healing Hypnosis Technique).<\/p><p data-start=\"638\" data-end=\"795\">Le Beyond Quantum Healing s\u2019inscrit dans la continuit\u00e9 de cet enseignement, tout en l\u2019adaptant aux besoins actuels et \u00e0 la possibilit\u00e9 de s\u00e9ances \u00e0 distance.<\/p><p data-start=\"797\" data-end=\"981\">Contrairement \u00e0 l\u2019hypnose classique, il ne s\u2019agit pas de \u201cperdre le contr\u00f4le\u201d, mais au contraire d\u2019entrer dans un \u00e9tat naturel de conscience modifi\u00e9e, proche de la m\u00e9ditation profonde.<\/p><p data-start=\"983\" data-end=\"1016\">Pendant une s\u00e9ance, vous pouvez :<\/p><p data-start=\"1018\" data-end=\"1277\">\u2022 Explorer l\u2019origine \u00e9motionnelle d\u2019un blocage<br data-start=\"1064\" data-end=\"1067\" \/>\u2022 Acc\u00e9der \u00e0 des m\u00e9moires (enfance, transg\u00e9n\u00e9rationnel, vies ant\u00e9rieures)<br data-start=\"1139\" data-end=\"1142\" \/>\u2022 Recevoir des messages de votre guidance int\u00e9rieure<br data-start=\"1194\" data-end=\"1197\" \/>\u2022 Comprendre le sens d\u2019une situation de vie<br data-start=\"1240\" data-end=\"1243\" \/>\u2022 Lib\u00e9rer des sch\u00e9mas r\u00e9p\u00e9titifs<\/p><p data-start=\"1279\" data-end=\"1372\">Chaque s\u00e9ance est unique et se d\u00e9roule dans un cadre s\u00e9curisant, respectueux et bienveillant.<\/p>\t\t\t\t\t\t\t\t<\/div>\n\t\t\t\t<\/div>\n\t\t\t\t\t<\/div>\n\t\t\t\t<\/div>\n\t\t<div class=\"elementor-element elementor-element-b87376b e-flex e-con-boxed e-con e-parent\" data-id=\"b87376b\" data-element_type=\"container\" data-e-type=\"container\">\n\t\t\t\t\t<div class=\"e-con-inner\">\n\t\t\t\t\t<\/div>\n\t\t\t\t<\/div>\n\t\t<div class=\"elementor-element elementor-element-5af818b e-flex e-con-boxed e-con e-parent\" data-id=\"5af818b\" data-element_type=\"container\" data-e-type=\"container\">\n\t\t\t\t\t<div class=\"e-con-inner\">\n\t\t\t\t<div class=\"elementor-element elementor-element-e8fddce elementor-widget elementor-widget-heading\" data-id=\"e8fddce\" data-element_type=\"widget\" data-e-type=\"widget\" data-widget_type=\"heading.default\">\n\t\t\t\t<div class=\"elementor-widget-container\">\n\t\t\t\t\t<h4 class=\"elementor-heading-title elementor-size-default\">Ma vision de cette pratique<\/h4>\t\t\t\t<\/div>\n\t\t\t\t<\/div>\n\t\t\t\t\t<\/div>\n\t\t\t\t<\/div>\n\t\t<div class=\"elementor-element elementor-element-0746094 e-flex e-con-boxed e-con e-parent\" data-id=\"0746094\" data-element_type=\"container\" data-e-type=\"container\">\n\t\t\t\t\t<div class=\"e-con-inner\">\n\t\t\t\t<div class=\"elementor-element elementor-element-3834e35 elementor-widget elementor-widget-text-editor\" data-id=\"3834e35\" data-element_type=\"widget\" data-e-type=\"widget\" data-widget_type=\"text-editor.default\">\n\t\t\t\t<div class=\"elementor-widget-container\">\n\t\t\t\t\t\t\t\t\t<p data-start=\"1938\" data-end=\"2084\">J\u2019ai choisi d\u2019int\u00e9grer le Beyond Quantum Healing dans ma pratique car cette approche respecte profond\u00e9ment le rythme et la souverainet\u00e9 de chacun.<\/p><p data-start=\"2086\" data-end=\"2197\">Je ne \u201cdirige\u201d pas votre exp\u00e9rience: je vous accompagne dans l\u2019exploration de votre propre sagesse int\u00e9rieure.<\/p><p data-start=\"2199\" data-end=\"2324\">Je crois que nous portons d\u00e9j\u00e0 en nous les r\u00e9ponses.<br \/>Parfois, nous avons simplement besoin d\u2019un espace s\u00fbr pour les entendre.<\/p>\t\t\t\t\t\t\t\t<\/div>\n\t\t\t\t<\/div>\n\t\t\t\t\t<\/div>\n\t\t\t\t<\/div>\n\t\t<div class=\"elementor-element elementor-element-ba721a3 e-flex e-con-boxed e-con e-parent\" data-id=\"ba721a3\" data-element_type=\"container\" data-e-type=\"container\">\n\t\t\t\t\t<div class=\"e-con-inner\">\n\t\t\t\t<div class=\"elementor-element elementor-element-943facd elementor-widget elementor-widget-heading\" data-id=\"943facd\" data-element_type=\"widget\" data-e-type=\"widget\" data-widget_type=\"heading.default\">\n\t\t\t\t<div class=\"elementor-widget-container\">\n\t\t\t\t\t<h4 class=\"elementor-heading-title elementor-size-default\">D\u00e9roulement d'une s\u00e9ance<\/h4>\t\t\t\t<\/div>\n\t\t\t\t<\/div>\n\t\t\t\t\t<\/div>\n\t\t\t\t<\/div>\n\t\t<div class=\"elementor-element elementor-element-cb5020f e-flex e-con-boxed e-con e-parent\" data-id=\"cb5020f\" data-element_type=\"container\" data-e-type=\"container\">\n\t\t\t\t\t<div class=\"e-con-inner\">\n\t\t\t\t<div class=\"elementor-element elementor-element-df1d40b elementor-widget elementor-widget-text-editor\" data-id=\"df1d40b\" data-element_type=\"widget\" data-e-type=\"widget\" data-widget_type=\"text-editor.default\">\n\t\t\t\t<div class=\"elementor-widget-container\">\n\t\t\t\t\t\t\t\t\t<p data-start=\"2406\" data-end=\"2452\">Voici comment se d\u00e9roule une s\u00e9ance:<\/p><ol data-start=\"2454\" data-end=\"2617\"><li data-start=\"2454\" data-end=\"2516\"><p data-start=\"2457\" data-end=\"2516\">Un temps d\u2019\u00e9change pr\u00e9alable pour d\u00e9finir votre intention<\/p><\/li><li data-start=\"2517\" data-end=\"2560\"><p data-start=\"2520\" data-end=\"2560\">L\u2019exploration en \u00e9tat d\u2019hypnose guid\u00e9e<\/p><\/li><li data-start=\"2561\" data-end=\"2617\"><p data-start=\"2564\" data-end=\"2617\">Un temps d\u2019int\u00e9gration et d\u2019\u00e9change apr\u00e8s la s\u00e9ance<\/p><\/li><\/ol><p data-start=\"2619\" data-end=\"2696\">Les s\u00e9ances peuvent se faire en pr\u00e9sentiel ou \u00e0 distance et durent de 3 \u00e0 4 heures.<\/p>\t\t\t\t\t\t\t\t<\/div>\n\t\t\t\t<\/div>\n\t\t\t\t\t<\/div>\n\t\t\t\t<\/div>\n\t\t<div class=\"elementor-element elementor-element-87ad302 e-flex e-con-boxed e-con e-parent\" data-id=\"87ad302\" data-element_type=\"container\" data-e-type=\"container\">\n\t\t\t\t\t<div class=\"e-con-inner\">\n\t\t<div class=\"elementor-element elementor-element-baa0ab2 e-con-full e-flex e-con e-child\" data-id=\"baa0ab2\" data-element_type=\"container\" data-e-type=\"container\">\n\t\t\t\t<\/div>\n\t\t\t\t\t<\/div>\n\t\t\t\t<\/div>\n\t\t<div class=\"elementor-element elementor-element-7560979 e-flex e-con-boxed e-con e-parent\" data-id=\"7560979\" data-element_type=\"container\" data-e-type=\"container\">\n\t\t\t\t\t<div class=\"e-con-inner\">\n\t\t\t\t<div class=\"elementor-element elementor-element-6ffd867 elementor-widget elementor-widget-text-editor\" data-id=\"6ffd867\" data-element_type=\"widget\" data-e-type=\"widget\" data-widget_type=\"text-editor.default\">\n\t\t\t\t<div class=\"elementor-widget-container\">\n\t\t\t\t\t\t\t\t\t<p style=\"text-align: center;\"><strong>Je vous accompagne dans l\u2019exploration consciente de votre \u00e2me et de ses m\u00e9moires<\/strong><\/p>\t\t\t\t\t\t\t\t<\/div>\n\t\t\t\t<\/div>\n\t\t\t\t\t<\/div>\n\t\t\t\t<\/div>\n\t\t<div class=\"elementor-element elementor-element-f1d449f e-flex e-con-boxed e-con e-parent\" data-id=\"f1d449f\" data-element_type=\"container\" data-e-type=\"container\">\n\t\t\t\t\t<div class=\"e-con-inner\">\n\t\t<div class=\"elementor-element elementor-element-7fc247f e-con-full e-flex e-con e-child\" data-id=\"7fc247f\" data-element_type=\"container\" data-e-type=\"container\">\n\t\t\t\t<\/div>\n\t\t\t\t\t<\/div>\n\t\t\t\t<\/div>\n\t\t<div class=\"elementor-element elementor-element-9adea5e e-flex e-con-boxed e-con e-parent\" data-id=\"9adea5e\" data-element_type=\"container\" data-e-type=\"container\">\n\t\t\t\t\t<div class=\"e-con-inner\">\n\t\t\t\t<div class=\"elementor-element elementor-element-2b4e4e0 elementor-widget elementor-widget-heading\" data-id=\"2b4e4e0\" data-element_type=\"widget\" data-e-type=\"widget\" data-widget_type=\"heading.default\">\n\t\t\t\t<div class=\"elementor-widget-container\">\n\t\t\t\t\t<h1 class=\"elementor-heading-title elementor-size-default\">Tarifs:<\/h1>\t\t\t\t<\/div>\n\t\t\t\t<\/div>\n\t\t\t\t\t<\/div>\n\t\t\t\t<\/div>\n\t\t<div class=\"elementor-element elementor-element-43060e6 e-flex e-con-boxed e-con e-parent\" data-id=\"43060e6\" data-element_type=\"container\" data-e-type=\"container\">\n\t\t\t\t\t<div class=\"e-con-inner\">\n\t\t\t\t<div class=\"elementor-element elementor-element-f04ee64 elementor-widget elementor-widget-text-editor\" data-id=\"f04ee64\" data-element_type=\"widget\" data-e-type=\"widget\" data-widget_type=\"text-editor.default\">\n\t\t\t\t<div class=\"elementor-widget-container\">\n\t\t\t\t\t\t\t\t\t<p>S\u00e9ance: 300 \u20ac<\/p><p>Seance de suivi: 100 \u20ac<\/p>\t\t\t\t\t\t\t\t<\/div>\n\t\t\t\t<\/div>\n\t\t\t\t\t<\/div>\n\t\t\t\t<\/div>\n\t\t\t\t<\/div>\n\t\t","protected":false},"excerpt":{"rendered":"<p>Hypnose R\u00e9gressive Quantique:Beyond Quantum Healing Le Beyond Quantum Healing (BQH) est une m\u00e9thode d\u2019hypnose spirituelle et r\u00e9gressive permettant d\u2019acc\u00e9der \u00e0 des \u00e9tats de conscience \u00e9largis. Cette approche a \u00e9t\u00e9 d\u00e9velopp\u00e9e par Candace Craw-Goldman, \u00e9l\u00e8ve et collaboratrice de Dolores Cannon, pionni\u00e8re de l\u2019hypnose r\u00e9gressive quantique et cr\u00e9atrice de la m\u00e9thode QHHT (Quantum Healing Hypnosis Technique). Le [&hellip;]<\/p>\n","protected":false},"author":1,"featured_media":0,"parent":0,"menu_order":0,"comment_status":"closed","ping_status":"closed","template":"","meta":{"footnotes":""},"class_list":["post-1469","page","type-page","status-publish","hentry"],"jetpack_sharing_enabled":true,"_links":{"self":[{"href":"https:\/\/marinerolland.com\/index.php?rest_route=\/wp\/v2\/pages\/1469","targetHints":{"allow":["GET"]}}],"collection":[{"href":"https:\/\/marinerolland.com\/index.php?rest_route=\/wp\/v2\/pages"}],"about":[{"href":"https:\/\/marinerolland.com\/index.php?rest_route=\/wp\/v2\/types\/page"}],"author":[{"embeddable":true,"href":"https:\/\/marinerolland.com\/index.php?rest_route=\/wp\/v2\/users\/1"}],"replies":[{"embeddable":true,"href":"https:\/\/marinerolland.com\/index.php?rest_route=%2Fwp%2Fv2%2Fcomments&post=1469"}],"version-history":[{"count":40,"href":"https:\/\/marinerolland.com\/index.php?rest_route=\/wp\/v2\/pages\/1469\/revisions"}],"predecessor-version":[{"id":1513,"href":"https:\/\/marinerolland.com\/index.php?rest_route=\/wp\/v2\/pages\/1469\/revisions\/1513"}],"wp:attachment":[{"href":"https:\/\/marinerolland.com\/index.php?rest_route=%2Fwp%2Fv2%2Fmedia&parent=1469"}],"curies":[{"name":"wp","href":"https:\/\/api.w.org\/{rel}","templated":true}]}}