{"id":192,"date":"2025-06-27T14:29:20","date_gmt":"2025-06-27T12:29:20","guid":{"rendered":"https:\/\/marinerolland.com\/?page_id=192"},"modified":"2026-03-19T13:55:48","modified_gmt":"2026-03-19T12:55:48","slug":"lampe-hypnagogique-lucia-n3","status":"publish","type":"page","link":"https:\/\/marinerolland.com\/?page_id=192","title":{"rendered":"Lampe hypnagogique Lucia N\u00b03"},"content":{"rendered":"\t\t<div data-elementor-type=\"wp-page\" data-elementor-id=\"192\" class=\"elementor elementor-192\" data-elementor-post-type=\"page\">\n\t\t\t\t<div class=\"elementor-element elementor-element-034ba31 e-flex e-con-boxed e-con e-parent\" data-id=\"034ba31\" data-element_type=\"container\" data-e-type=\"container\">\n\t\t\t\t\t<div class=\"e-con-inner\">\n\t\t\t\t<div class=\"elementor-element elementor-element-283f85b elementor-widget elementor-widget-heading\" data-id=\"283f85b\" data-element_type=\"widget\" data-e-type=\"widget\" data-widget_type=\"heading.default\">\n\t\t\t\t<div class=\"elementor-widget-container\">\n\t\t\t\t\t<h1 class=\"elementor-heading-title elementor-size-default\">Lampe Lucia N\u00b03<\/h1>\t\t\t\t<\/div>\n\t\t\t\t<\/div>\n\t\t\t\t\t<\/div>\n\t\t\t\t<\/div>\n\t\t<div class=\"elementor-element elementor-element-6190f24 e-flex e-con-boxed e-con e-parent\" data-id=\"6190f24\" data-element_type=\"container\" data-e-type=\"container\">\n\t\t\t\t\t<div class=\"e-con-inner\">\n\t\t\t\t<div class=\"elementor-element elementor-element-fddf4f2 elementor-widget elementor-widget-image\" data-id=\"fddf4f2\" data-element_type=\"widget\" data-e-type=\"widget\" data-widget_type=\"image.default\">\n\t\t\t\t<div class=\"elementor-widget-container\">\n\t\t\t\t\t\t\t\t\t\t\t\t\t\t\t<img fetchpriority=\"high\" decoding=\"async\" width=\"800\" height=\"543\" src=\"https:\/\/marinerolland.com\/wp-content\/uploads\/2025\/06\/WhatsApp-Image-2025-06-26-at-16.32.30-e1751549709797.jpeg\" class=\"attachment-large size-large wp-image-124\" alt=\"Lampe Hypnagogique Lucia N\u00b03, Lumi\u00e8re Lucia N\u00b03, Luminoth\u00e9rapie, glande pin\u00e9ale, ondes th\u00eata, 3e oeil\" srcset=\"https:\/\/marinerolland.com\/wp-content\/uploads\/2025\/06\/WhatsApp-Image-2025-06-26-at-16.32.30-e1751549709797.jpeg 810w, https:\/\/marinerolland.com\/wp-content\/uploads\/2025\/06\/WhatsApp-Image-2025-06-26-at-16.32.30-e1751549709797-300x204.jpeg 300w, https:\/\/marinerolland.com\/wp-content\/uploads\/2025\/06\/WhatsApp-Image-2025-06-26-at-16.32.30-e1751549709797-768x521.jpeg 768w\" sizes=\"(max-width: 800px) 100vw, 800px\" \/>\t\t\t\t\t\t\t\t\t\t\t\t\t\t\t<\/div>\n\t\t\t\t<\/div>\n\t\t\t\t\t<\/div>\n\t\t\t\t<\/div>\n\t\t<div class=\"elementor-element elementor-element-503ccf9 e-flex e-con-boxed e-con e-parent\" data-id=\"503ccf9\" data-element_type=\"container\" data-e-type=\"container\">\n\t\t\t\t\t<div class=\"e-con-inner\">\n\t\t\t\t\t<\/div>\n\t\t\t\t<\/div>\n\t\t<div class=\"elementor-element elementor-element-5bb0240 e-flex e-con-boxed e-con e-parent\" data-id=\"5bb0240\" data-element_type=\"container\" data-e-type=\"container\">\n\t\t\t\t\t<div class=\"e-con-inner\">\n\t\t\t\t<div class=\"elementor-element elementor-element-f5524c9 elementor-widget elementor-widget-heading\" data-id=\"f5524c9\" data-element_type=\"widget\" data-e-type=\"widget\" data-widget_type=\"heading.default\">\n\t\t\t\t<div class=\"elementor-widget-container\">\n\t\t\t\t\t<h2 class=\"elementor-heading-title elementor-size-default\">Explorez la lumi\u00e8re int\u00e9rieure. Exp\u00e9rimentez la Lucia N\u00b003.<\/h2>\t\t\t\t<\/div>\n\t\t\t\t<\/div>\n\t\t\t\t\t<\/div>\n\t\t\t\t<\/div>\n\t\t<div class=\"elementor-element elementor-element-a030cdc e-flex e-con-boxed e-con e-parent\" data-id=\"a030cdc\" data-element_type=\"container\" data-e-type=\"container\">\n\t\t\t\t\t<div class=\"e-con-inner\">\n\t\t<div class=\"elementor-element elementor-element-22de00a e-con-full e-flex e-con e-child\" data-id=\"22de00a\" data-element_type=\"container\" data-e-type=\"container\">\n\t\t\t\t<div class=\"elementor-element elementor-element-d350b97 elementor-widget elementor-widget-text-editor\" data-id=\"d350b97\" data-element_type=\"widget\" data-e-type=\"widget\" data-widget_type=\"text-editor.default\">\n\t\t\t\t<div class=\"elementor-widget-container\">\n\t\t\t\t\t\t\t\t\t<p><b style=\"font-family: 'Open sans', sans-serif; color: #ea9999; text-align: var(--text-align);\">Une invitation \u00e0 l\u2019\u00e9veil sensoriel et \u00e0 la transformation int\u00e9rieure<\/b><\/p><p><span style=\"color: #000000;\"><span style=\"font-family: Open sans, sans-serif;\"><span style=\"font-size: small;\">Je vous propose une exp\u00e9rience hors du commun, une immersion profonde dans la lumi\u00e8re, con\u00e7ue pour \u00e9veiller la conscience, apaiser l\u2019esprit et stimuler la perception int\u00e9rieure. Gr\u00e2ce \u00e0 la technologie de pointe de la Lucia N\u00b003, vivez un voyage m\u00e9ditatif unique, sans effort, dans des \u00e9tats modifi\u00e9s de conscience.<\/span><\/span><\/span><\/p><p><b style=\"font-family: 'Open sans', sans-serif; color: #ea9999; text-align: var(--text-align);\">\u00a0<\/b><\/p><p><b style=\"font-family: 'Open sans', sans-serif; color: #ea9999; text-align: var(--text-align);\">Qu&rsquo;est-ce que la Lucia N\u00b003<\/b><\/p><p><span style=\"color: #000000;\"><span style=\"font-family: Open sans, sans-serif;\"><span style=\"font-size: small;\">La Lucia N\u00b003 est bien plus qu&rsquo;une lampe. C\u2019est un dispositif neurostimulateur lumineux d\u00e9velopp\u00e9 en Autriche par le Dr. Dirk Proeckl (neurologue) et le Dr. Engelbert Winkler (psychologue clinicien), r\u00e9unissant science, spiritualit\u00e9 et art de la perception.<\/span><\/span><\/span><\/p><p><span style=\"color: #000000;\"><span style=\"font-family: Open sans, sans-serif;\"><span style=\"font-size: small;\">Elle combine une lumi\u00e8re blanche stroboscopique et continue, projet\u00e9e directement sur les yeux ferm\u00e9s. Ce stimulus particulier d\u00e9clenche une r\u00e9ponse neurovisuelle unique qui g\u00e9n\u00e8re des visions int\u00e9rieures puissantes, formes g\u00e9om\u00e9triques, couleurs intenses, et une sensation d\u2019unit\u00e9 et de paix.\u00a0<\/span><\/span><\/span><\/p><p><b style=\"font-family: 'Open sans', sans-serif; color: #ea9999; text-align: var(--text-align);\">\u00a0<\/b><\/p><p><b style=\"font-family: 'Open sans', sans-serif; color: #ea9999; text-align: var(--text-align);\">Une exp\u00e9rience multisensorielle et personnelle<\/b><\/p><p><span style=\"color: #000000;\"><span style=\"font-family: Open sans, sans-serif;\"><span style=\"font-size: small;\">Chaque s\u00e9ance est absolument unique. Les effets varient selon votre \u00e9tat du moment, votre sensibilit\u00e9, vos intentions.<\/span><\/span><\/span><\/p><p><span style=\"color: #000000;\"><span style=\"font-family: Open sans, sans-serif;\"><span style=\"font-size: small;\">Ce que vous pouvez exp\u00e9rimenter :<\/span><\/span><\/span><\/p><ul><li><p><span style=\"color: #000000;\"><span style=\"font-family: Open sans, sans-serif;\"><span style=\"font-size: small;\">Des \u00e9tats de relaxation profonde et de l\u00e2cher-prise,<\/span><\/span><\/span><\/p><\/li><li><p><span style=\"color: #000000;\"><span style=\"font-family: Open sans, sans-serif;\"><span style=\"font-size: small;\">Des visions int\u00e9rieures kal\u00e9idoscopiques et une expansion de la conscience,<\/span><\/span><\/span><\/p><\/li><li><p><span style=\"color: #000000;\"><span style=\"font-family: Open sans, sans-serif;\"><span style=\"font-size: small;\">Une sensation d\u2019harmonie, d\u2019unit\u00e9 et de connexion \u00e0 soi-m\u00eame et au monde,<\/span><\/span><\/span><\/p><\/li><li><p><span style=\"color: #000000;\"><span style=\"font-family: Open sans, sans-serif;\"><span style=\"font-size: small;\">Une stimulation cr\u00e9ative, artistique ou intuitive,<\/span><\/span><\/span><\/p><\/li><li><p><span style=\"color: #000000;\"><span style=\"font-family: Open sans, sans-serif;\"><span style=\"font-size: small;\">Une r\u00e9duction du stress, de l\u2019anxi\u00e9t\u00e9 et des ruminations mentales,<\/span><\/span><\/span><\/p><\/li><li><p><span style=\"color: #000000;\"><span style=\"font-family: Open sans, sans-serif;\"><span style=\"font-size: small;\">Un mieux-\u00eatre global et un soutien dans les d\u00e9marches de d\u00e9veloppement personnel.<\/span><\/span><\/span><\/p><\/li><\/ul><p><em><span style=\"color: #000000;\"><span style=\"font-family: Open sans, sans-serif;\"><span style=\"font-size: small;\">En quelques minutes les ondes c\u00e9r\u00e9brales atteignent un niveau de m\u00e9ditation tr\u00e8s avanc\u00e9.<\/span><\/span><\/span><\/em><\/p>\t\t\t\t\t\t\t\t<\/div>\n\t\t\t\t<\/div>\n\t\t\t\t<\/div>\n\t\t<div class=\"elementor-element elementor-element-15b3933 e-con-full e-flex e-con e-child\" data-id=\"15b3933\" data-element_type=\"container\" data-e-type=\"container\">\n\t\t\t\t<div class=\"elementor-element elementor-element-285137b elementor-widget elementor-widget-text-editor\" data-id=\"285137b\" data-element_type=\"widget\" data-e-type=\"widget\" data-widget_type=\"text-editor.default\">\n\t\t\t\t<div class=\"elementor-widget-container\">\n\t\t\t\t\t\t\t\t\t<p><b style=\"font-family: 'Open sans', sans-serif; color: #ea9999;\">Lucia N\u00b003: Pour qui? Pourquoi?<\/b><\/p><p><span style=\"color: #000000;\"><span style=\"font-family: Open sans, sans-serif;\"><span style=\"font-size: small;\">La Lucia N\u00b003 s\u2019adresse \u00e0 toute personne en qu\u00eate :<\/span><\/span><\/span><\/p><ul><li><p><span style=\"color: #000000;\"><span style=\"font-family: Open sans, sans-serif;\"><span style=\"font-size: small;\">de d\u00e9tente,<\/span><\/span><\/span><\/p><\/li><li><p><span style=\"color: #000000;\"><span style=\"font-family: Open sans, sans-serif;\"><span style=\"font-size: small;\">d\u2019introspection profonde,<\/span><\/span><\/span><\/p><\/li><li><p><span style=\"color: #000000;\"><span style=\"font-family: Open sans, sans-serif;\"><span style=\"font-size: small;\">de reconnexion \u00e0 soi,<\/span><\/span><\/span><\/p><\/li><li><p><span style=\"color: #000000;\"><span style=\"font-family: Open sans, sans-serif;\"><span style=\"font-size: small;\">d\u2019exploration de la conscience,<\/span><\/span><\/span><\/p><\/li><li><p><span style=\"color: #000000;\"><span style=\"font-family: Open sans, sans-serif;\"><span style=\"font-size: small;\">ou tout simplement d\u2019un moment de lumi\u00e8re int\u00e9rieure dans un monde souvent surstimul\u00e9.<\/span><\/span><\/span><\/p><\/li><\/ul><p><span style=\"color: #000000;\"><span style=\"font-family: Open sans, sans-serif;\"><span style=\"font-size: small;\">Pas besoin d\u2019exp\u00e9rience en m\u00e9ditation ou en spiritualit\u00e9: la lumi\u00e8re vous guide naturellement.<\/span><\/span><\/span><\/p><p><b style=\"font-family: 'Open sans', sans-serif; color: #ea9999;\">\u00a0<\/b><\/p><p><b style=\"font-family: 'Open sans', sans-serif; color: #ea9999;\">D\u00e9roulement d&rsquo;une s\u00e9ance<\/b><\/p><p><span style=\"color: #000000;\"><span style=\"font-family: Open sans, sans-serif;\"><span style=\"font-size: small;\">Chaque s\u00e9ance dure environ 60 minutes, incluant :<\/span><\/span><\/span><\/p><ol><li><p><span style=\"color: #000000;\"><span style=\"font-family: Open sans, sans-serif;\"><span style=\"font-size: small;\">Un temps d\u2019\u00e9change pour comprendre vos besoins et intentions,<\/span><\/span><\/span><\/p><\/li><li><p><span style=\"color: #000000;\"><span style=\"font-family: Open sans, sans-serif;\"><span style=\"font-size: small;\">L\u2019exp\u00e9rience lumineuse (de 15 \u00e0 40 minutes selon le protocole choisi),<\/span><\/span><\/span><\/p><\/li><li><p><span style=\"color: #000000;\"><span style=\"font-family: Open sans, sans-serif;\"><span style=\"font-size: small;\">Un retour \u00e0 soi en douceur, suivi d\u2019un partage d\u2019exp\u00e9rience si vous le souhaitez.<\/span><\/span><\/span><\/p><\/li><\/ol><p><span style=\"color: #000000;\"><span style=\"font-family: Open sans, sans-serif;\"><span style=\"font-size: small;\">Vous \u00eates allong\u00e9(e), les yeux ferm\u00e9s, confortablement install\u00e9(e) dans un environnement apaisant, au rythme d&rsquo;une musique soigneusement choisie. Rien \u00e0 faire, juste se laisser traverser par la lumi\u00e8re.<\/span><\/span><\/span><\/p><p><span style=\"color: #000000;\"><span style=\"font-family: Open sans, sans-serif;\"><span style=\"font-size: small;\"><i>D\u00e9couvrez une nouvelle dimension de relaxation et d&rsquo;expansion de la conscience avec la lumi\u00e8re Lucia N\u00b003.<\/i><\/span><\/span><\/span><\/p>\t\t\t\t\t\t\t\t<\/div>\n\t\t\t\t<\/div>\n\t\t\t\t<\/div>\n\t\t\t\t\t<\/div>\n\t\t\t\t<\/div>\n\t\t<div class=\"elementor-element elementor-element-1040dbd e-flex e-con-boxed e-con e-parent\" data-id=\"1040dbd\" data-element_type=\"container\" data-e-type=\"container\">\n\t\t\t\t\t<div class=\"e-con-inner\">\n\t\t\t\t<div class=\"elementor-element elementor-element-c7b6b48 elementor-widget elementor-widget-image\" data-id=\"c7b6b48\" data-element_type=\"widget\" data-e-type=\"widget\" data-widget_type=\"image.default\">\n\t\t\t\t<div class=\"elementor-widget-container\">\n\t\t\t\t\t\t\t\t\t\t\t\t\t\t\t<img decoding=\"async\" width=\"300\" height=\"177\" src=\"https:\/\/marinerolland.com\/wp-content\/uploads\/2025\/07\/julialese-with-logo-300x177.jpg\" class=\"attachment-medium size-medium wp-image-299\" alt=\"Lampe Hypnagogique Lucia N\u00b03, Lumi\u00e8re Lucia N\u00b03, Luminoth\u00e9rapie, glande pin\u00e9ale, ondes th\u00eata, 3e oeil\" srcset=\"https:\/\/marinerolland.com\/wp-content\/uploads\/2025\/07\/julialese-with-logo-300x177.jpg 300w, https:\/\/marinerolland.com\/wp-content\/uploads\/2025\/07\/julialese-with-logo.jpg 700w\" sizes=\"(max-width: 300px) 100vw, 300px\" \/>\t\t\t\t\t\t\t\t\t\t\t\t\t\t\t<\/div>\n\t\t\t\t<\/div>\n\t\t\t\t\t<\/div>\n\t\t\t\t<\/div>\n\t\t<div class=\"elementor-element elementor-element-0d4d8e9 e-flex e-con-boxed e-con e-parent\" data-id=\"0d4d8e9\" data-element_type=\"container\" data-e-type=\"container\">\n\t\t\t\t\t<div class=\"e-con-inner\">\n\t\t<div class=\"elementor-element elementor-element-11bea4e e-con-full e-flex e-con e-child\" data-id=\"11bea4e\" data-element_type=\"container\" data-e-type=\"container\">\n\t\t\t\t<\/div>\n\t\t\t\t\t<\/div>\n\t\t\t\t<\/div>\n\t\t<div class=\"elementor-element elementor-element-f9dd2a8 e-flex e-con-boxed e-con e-parent\" data-id=\"f9dd2a8\" data-element_type=\"container\" data-e-type=\"container\">\n\t\t\t\t\t<div class=\"e-con-inner\">\n\t\t\t\t<div class=\"elementor-element elementor-element-2e2a95f elementor-widget elementor-widget-heading\" data-id=\"2e2a95f\" data-element_type=\"widget\" data-e-type=\"widget\" data-widget_type=\"heading.default\">\n\t\t\t\t<div class=\"elementor-widget-container\">\n\t\t\t\t\t<h1 class=\"elementor-heading-title elementor-size-default\">Tarifs<\/h1>\t\t\t\t<\/div>\n\t\t\t\t<\/div>\n\t\t\t\t\t<\/div>\n\t\t\t\t<\/div>\n\t\t<div class=\"elementor-element elementor-element-1a27a3d e-flex e-con-boxed e-con e-parent\" data-id=\"1a27a3d\" data-element_type=\"container\" data-e-type=\"container\">\n\t\t\t\t\t<div class=\"e-con-inner\">\n\t\t\t\t<div class=\"elementor-element elementor-element-0cc540d elementor-widget elementor-widget-text-editor\" data-id=\"0cc540d\" data-element_type=\"widget\" data-e-type=\"widget\" data-widget_type=\"text-editor.default\">\n\t\t\t\t<div class=\"elementor-widget-container\">\n\t\t\t\t\t\t\t\t\t<ul><li><span style=\"font-family: Open sans, sans-serif;\"><span style=\"font-size: medium;\"><span style=\"color: #000000; font-weight: normal;\">S\u00e9ance: 70 \u20ac<\/span><\/span><\/span><\/li><\/ul>\t\t\t\t\t\t\t\t<\/div>\n\t\t\t\t<\/div>\n\t\t\t\t\t<\/div>\n\t\t\t\t<\/div>\n\t\t\t\t<\/div>\n\t\t","protected":false},"excerpt":{"rendered":"<p>Lampe Lucia N\u00b03 Explorez la lumi\u00e8re int\u00e9rieure. Exp\u00e9rimentez la Lucia N\u00b003. Une invitation \u00e0 l\u2019\u00e9veil sensoriel et \u00e0 la transformation int\u00e9rieure Je vous propose une exp\u00e9rience hors du commun, une immersion profonde dans la lumi\u00e8re, con\u00e7ue pour \u00e9veiller la conscience, apaiser l\u2019esprit et stimuler la perception int\u00e9rieure. Gr\u00e2ce \u00e0 la technologie de pointe de la [&hellip;]<\/p>\n","protected":false},"author":1,"featured_media":0,"parent":0,"menu_order":0,"comment_status":"closed","ping_status":"closed","template":"","meta":{"footnotes":""},"class_list":["post-192","page","type-page","status-publish","hentry"],"jetpack_sharing_enabled":true,"_links":{"self":[{"href":"https:\/\/marinerolland.com\/index.php?rest_route=\/wp\/v2\/pages\/192","targetHints":{"allow":["GET"]}}],"collection":[{"href":"https:\/\/marinerolland.com\/index.php?rest_route=\/wp\/v2\/pages"}],"about":[{"href":"https:\/\/marinerolland.com\/index.php?rest_route=\/wp\/v2\/types\/page"}],"author":[{"embeddable":true,"href":"https:\/\/marinerolland.com\/index.php?rest_route=\/wp\/v2\/users\/1"}],"replies":[{"embeddable":true,"href":"https:\/\/marinerolland.com\/index.php?rest_route=%2Fwp%2Fv2%2Fcomments&post=192"}],"version-history":[{"count":58,"href":"https:\/\/marinerolland.com\/index.php?rest_route=\/wp\/v2\/pages\/192\/revisions"}],"predecessor-version":[{"id":1553,"href":"https:\/\/marinerolland.com\/index.php?rest_route=\/wp\/v2\/pages\/192\/revisions\/1553"}],"wp:attachment":[{"href":"https:\/\/marinerolland.com\/index.php?rest_route=%2Fwp%2Fv2%2Fmedia&parent=192"}],"curies":[{"name":"wp","href":"https:\/\/api.w.org\/{rel}","templated":true}]}}